{"id":65,"date":"2017-09-16T19:09:33","date_gmt":"2017-09-16T19:09:33","guid":{"rendered":"https:\/\/gospelkoorlivingwords.com\/wordpress\/?page_id=65"},"modified":"2025-12-27T19:08:36","modified_gmt":"2025-12-27T19:08:36","slug":"the-story","status":"publish","type":"page","link":"https:\/\/gospelkoorlivingwords.com\/","title":{"rendered":"Home"},"content":{"rendered":"<p><span style=\"font-family: verdana, geneva, sans-serif;\"><strong>Gospelkoor Living Words &#8211; <\/strong><strong>30 stemmen, \u00e9\u00e9n hart.<\/strong><\/span><\/p>\n<p><span style=\"font-family: verdana, geneva, sans-serif;\">Sinds 1997 zingen we met vuur: krachtige praise \u00e9n verstilde aanbidding.<\/span><br \/>\n<span style=\"font-family: verdana, geneva, sans-serif;\">We dienen in kerkdiensten, geven concerten en verzorgen complete avonden.<\/span><br \/>\n<span style=\"font-family: verdana, geneva, sans-serif;\">Onlangs beleefden we een prachtige concertavond in Tripodia te Katwijk \u2014dat smaakt naar meer.<\/span><\/p>\n<div>\n<p><span style=\"font-family: verdana, geneva, sans-serif;\">In <strong>2026<\/strong> gaan we voluit door: zingen, getuigen, verbinden.<\/span><br \/>\n<span style=\"font-family: verdana, geneva, sans-serif;\"><strong>Zin in levende gospelmuziek bij jouw dienst of event?<\/strong><br \/>\nGa naar onze <strong>contactpagina<\/strong>\u2014we horen graag van je!<\/span><\/p>\n<\/div>\n","protected":false},"excerpt":{"rendered":"<p>Gospelkoor Living Words &#8211; 30 stemmen, \u00e9\u00e9n hart. Sinds 1997 zingen we met vuur: krachtige praise \u00e9n verstilde aanbidding. We dienen in kerkdiensten, geven concerten en verzorgen complete avonden. Onlangs beleefden we een prachtige concertavond in Tripodia te Katwijk \u2014dat smaakt naar meer. In 2026 gaan we voluit door: zingen, getuigen, verbinden. Zin in levende &hellip; <a href=\"https:\/\/gospelkoorlivingwords.com\/\" class=\"more-link\">Lees verder <span class=\"screen-reader-text\">&#8220;Home&#8221;<\/span><\/a><\/p>\n","protected":false},"author":1,"featured_media":0,"parent":0,"menu_order":1,"comment_status":"closed","ping_status":"closed","template":"","meta":{"jetpack_post_was_ever_published":false,"footnotes":""},"class_list":["post-65","page","type-page","status-publish","hentry"],"jetpack_sharing_enabled":true,"jetpack_shortlink":"https:\/\/wp.me\/P9mJfM-13","_links":{"self":[{"href":"https:\/\/gospelkoorlivingwords.com\/index.php?rest_route=\/wp\/v2\/pages\/65","targetHints":{"allow":["GET"]}}],"collection":[{"href":"https:\/\/gospelkoorlivingwords.com\/index.php?rest_route=\/wp\/v2\/pages"}],"about":[{"href":"https:\/\/gospelkoorlivingwords.com\/index.php?rest_route=\/wp\/v2\/types\/page"}],"author":[{"embeddable":true,"href":"https:\/\/gospelkoorlivingwords.com\/index.php?rest_route=\/wp\/v2\/users\/1"}],"replies":[{"embeddable":true,"href":"https:\/\/gospelkoorlivingwords.com\/index.php?rest_route=%2Fwp%2Fv2%2Fcomments&post=65"}],"version-history":[{"count":137,"href":"https:\/\/gospelkoorlivingwords.com\/index.php?rest_route=\/wp\/v2\/pages\/65\/revisions"}],"predecessor-version":[{"id":31154,"href":"https:\/\/gospelkoorlivingwords.com\/index.php?rest_route=\/wp\/v2\/pages\/65\/revisions\/31154"}],"wp:attachment":[{"href":"https:\/\/gospelkoorlivingwords.com\/index.php?rest_route=%2Fwp%2Fv2%2Fmedia&parent=65"}],"curies":[{"name":"wp","href":"https:\/\/api.w.org\/{rel}","templated":true}]}}